{"id":472,"date":"2021-05-20T07:54:32","date_gmt":"2021-05-20T07:54:32","guid":{"rendered":"https:\/\/swing-jazz-blues-live.de\/Liveband\/?page_id=472"},"modified":"2021-05-20T10:16:03","modified_gmt":"2021-05-20T10:16:03","slug":"referenzen","status":"publish","type":"page","link":"https:\/\/swing-jazz-blues-live.de\/Liveband\/referenzen","title":{"rendered":"Referenzen"},"content":{"rendered":"\n<p>An dieser Stelle k\u00f6nnten wir jetzt eine ziemlich lange Aufstellung von zufriedenen Kunden wie: Sparkassen, N\u00fcrnberger Versicherung, Maritim Hotels, Kempinski Hotels usw. aufz\u00e4hlen. Doch wichtig f\u00fcr uns ist Ihr &#8222;Feedback&#8220;. Herzlichen Dank f\u00fcr Ihre Bilder, Zeitungsartikel und pers\u00f6nliche Anschreiben und vor allem f\u00fcr Ihren Applaus &#8211; das Brot des K\u00fcnstlers. Von Applaus wird man nicht satt, eher hungrig nach mehr&#8230;&#8230;.<\/p>\n<p>\u00a0<\/p>\n\n\n\n<div class=\"alignnormal\"><div id=\"metaslider-id-478\" style=\"width: 100%; margin: 0 auto;\" class=\"ml-slider-3-108-0 metaslider metaslider-flex metaslider-478 ml-slider has-dots-nav has-carousel-mode ms-theme-default\" role=\"region\" aria-label=\"Referenzen\" data-height=\"1000\" data-width=\"1500\">\n    <div id=\"metaslider_container_478\">\n        <div id=\"metaslider_478\" class=\"flexslider\">\n            <ul class='slides'>\n                <li style=\"display: none; width: 100%;\" class=\"slide-567 ms-image \" aria-roledescription=\"slide\" data-date=\"2021-05-21 19:10:20\" data-filename=\"Jazz-und-Swingklassiker.jpg\" data-slide-type=\"image\"><img loading=\"lazy\" decoding=\"async\" width=\"1077\" height=\"965\" src=\"https:\/\/swing-jazz-blues-live.de\/wp-content\/uploads\/2021\/05\/Jazz-und-Swingklassiker.jpg\" class=\"slider-478 slide-567 msDefaultImage\" alt=\"\" rel=\"\" title=\"Jazz und Swingklassiker\" srcset=\"https:\/\/swing-jazz-blues-live.de\/wp-content\/uploads\/2021\/05\/Jazz-und-Swingklassiker.jpg 1077w, https:\/\/swing-jazz-blues-live.de\/wp-content\/uploads\/2021\/05\/Jazz-und-Swingklassiker-300x269.jpg 300w, https:\/\/swing-jazz-blues-live.de\/wp-content\/uploads\/2021\/05\/Jazz-und-Swingklassiker-1024x918.jpg 1024w, https:\/\/swing-jazz-blues-live.de\/wp-content\/uploads\/2021\/05\/Jazz-und-Swingklassiker-768x688.jpg 768w\" sizes=\"auto, (max-width: 1077px) 100vw, 1077px\" \/><\/li>\n                <li style=\"display: none; width: 100%;\" class=\"slide-562 ms-image \" aria-roledescription=\"slide\" data-date=\"2021-05-21 19:10:20\" data-filename=\"Dinnermusik.jpg\" data-slide-type=\"image\"><img loading=\"lazy\" decoding=\"async\" width=\"886\" height=\"1253\" src=\"https:\/\/swing-jazz-blues-live.de\/wp-content\/uploads\/2021\/05\/Dinnermusik.jpg\" class=\"slider-478 slide-562 msDefaultImage\" alt=\"\" rel=\"\" title=\"Dinnermusik\" srcset=\"https:\/\/swing-jazz-blues-live.de\/wp-content\/uploads\/2021\/05\/Dinnermusik.jpg 886w, https:\/\/swing-jazz-blues-live.de\/wp-content\/uploads\/2021\/05\/Dinnermusik-212x300.jpg 212w, https:\/\/swing-jazz-blues-live.de\/wp-content\/uploads\/2021\/05\/Dinnermusik-724x1024.jpg 724w, https:\/\/swing-jazz-blues-live.de\/wp-content\/uploads\/2021\/05\/Dinnermusik-768x1086.jpg 768w\" sizes=\"auto, (max-width: 886px) 100vw, 886px\" \/><\/li>\n                <li style=\"display: none; width: 100%;\" class=\"slide-574 ms-image \" aria-roledescription=\"slide\" data-date=\"2021-05-21 19:10:20\" data-filename=\"Swingstandards.jpg\" data-slide-type=\"image\"><img loading=\"lazy\" decoding=\"async\" width=\"1215\" height=\"793\" src=\"https:\/\/swing-jazz-blues-live.de\/wp-content\/uploads\/2021\/05\/Swingstandards.jpg\" class=\"slider-478 slide-574 msDefaultImage\" alt=\"\" rel=\"\" title=\"Swingstandards\" srcset=\"https:\/\/swing-jazz-blues-live.de\/wp-content\/uploads\/2021\/05\/Swingstandards.jpg 1215w, https:\/\/swing-jazz-blues-live.de\/wp-content\/uploads\/2021\/05\/Swingstandards-300x196.jpg 300w, https:\/\/swing-jazz-blues-live.de\/wp-content\/uploads\/2021\/05\/Swingstandards-1024x668.jpg 1024w, https:\/\/swing-jazz-blues-live.de\/wp-content\/uploads\/2021\/05\/Swingstandards-768x501.jpg 768w\" sizes=\"auto, (max-width: 1215px) 100vw, 1215px\" \/><\/li>\n                <li style=\"display: none; width: 100%;\" class=\"slide-563 ms-image \" aria-roledescription=\"slide\" data-date=\"2021-05-21 19:10:20\" data-filename=\"Einweihung.jpg\" data-slide-type=\"image\"><img loading=\"lazy\" decoding=\"async\" width=\"886\" height=\"1253\" src=\"https:\/\/swing-jazz-blues-live.de\/wp-content\/uploads\/2021\/05\/Einweihung.jpg\" class=\"slider-478 slide-563 msDefaultImage\" alt=\"\" rel=\"\" title=\"Einweihung\" srcset=\"https:\/\/swing-jazz-blues-live.de\/wp-content\/uploads\/2021\/05\/Einweihung.jpg 886w, https:\/\/swing-jazz-blues-live.de\/wp-content\/uploads\/2021\/05\/Einweihung-212x300.jpg 212w, https:\/\/swing-jazz-blues-live.de\/wp-content\/uploads\/2021\/05\/Einweihung-724x1024.jpg 724w, https:\/\/swing-jazz-blues-live.de\/wp-content\/uploads\/2021\/05\/Einweihung-768x1086.jpg 768w\" sizes=\"auto, (max-width: 886px) 100vw, 886px\" \/><\/li>\n                <li style=\"display: none; width: 100%;\" class=\"slide-568 ms-image \" aria-roledescription=\"slide\" data-date=\"2021-05-21 19:10:20\" data-filename=\"Jazz-Session.jpg\" data-slide-type=\"image\"><img loading=\"lazy\" decoding=\"async\" width=\"1041\" height=\"1126\" src=\"https:\/\/swing-jazz-blues-live.de\/wp-content\/uploads\/2021\/05\/Jazz-Session.jpg\" class=\"slider-478 slide-568 msDefaultImage\" alt=\"\" rel=\"\" title=\"Jazz-Session\" srcset=\"https:\/\/swing-jazz-blues-live.de\/wp-content\/uploads\/2021\/05\/Jazz-Session.jpg 1041w, https:\/\/swing-jazz-blues-live.de\/wp-content\/uploads\/2021\/05\/Jazz-Session-277x300.jpg 277w, https:\/\/swing-jazz-blues-live.de\/wp-content\/uploads\/2021\/05\/Jazz-Session-947x1024.jpg 947w, https:\/\/swing-jazz-blues-live.de\/wp-content\/uploads\/2021\/05\/Jazz-Session-768x831.jpg 768w\" sizes=\"auto, (max-width: 1041px) 100vw, 1041px\" \/><\/li>\n                <li style=\"display: none; width: 100%;\" class=\"slide-599 ms-image \" aria-roledescription=\"slide\" data-date=\"2021-05-24 15:51:45\" data-filename=\"Jazzkonzert-1.jpg\" data-slide-type=\"image\"><img loading=\"lazy\" decoding=\"async\" width=\"1240\" height=\"1753\" src=\"https:\/\/swing-jazz-blues-live.de\/wp-content\/uploads\/2021\/05\/Jazzkonzert-1.jpg\" class=\"slider-478 slide-599 msDefaultImage\" alt=\"\" rel=\"\" title=\"Jazzkonzert 1\" srcset=\"https:\/\/swing-jazz-blues-live.de\/wp-content\/uploads\/2021\/05\/Jazzkonzert-1.jpg 1240w, https:\/\/swing-jazz-blues-live.de\/wp-content\/uploads\/2021\/05\/Jazzkonzert-1-212x300.jpg 212w, https:\/\/swing-jazz-blues-live.de\/wp-content\/uploads\/2021\/05\/Jazzkonzert-1-724x1024.jpg 724w, https:\/\/swing-jazz-blues-live.de\/wp-content\/uploads\/2021\/05\/Jazzkonzert-1-768x1086.jpg 768w, https:\/\/swing-jazz-blues-live.de\/wp-content\/uploads\/2021\/05\/Jazzkonzert-1-1087x1536.jpg 1087w\" sizes=\"auto, (max-width: 1240px) 100vw, 1240px\" \/><\/li>\n                <li style=\"display: none; width: 100%;\" class=\"slide-564 ms-image \" aria-roledescription=\"slide\" data-date=\"2021-05-21 19:10:20\" data-filename=\"Empfang.jpg\" data-slide-type=\"image\"><img loading=\"lazy\" decoding=\"async\" width=\"1004\" height=\"1420\" src=\"https:\/\/swing-jazz-blues-live.de\/wp-content\/uploads\/2021\/05\/Empfang.jpg\" class=\"slider-478 slide-564 msDefaultImage\" alt=\"\" rel=\"\" title=\"Empfang\" srcset=\"https:\/\/swing-jazz-blues-live.de\/wp-content\/uploads\/2021\/05\/Empfang.jpg 1004w, https:\/\/swing-jazz-blues-live.de\/wp-content\/uploads\/2021\/05\/Empfang-212x300.jpg 212w, https:\/\/swing-jazz-blues-live.de\/wp-content\/uploads\/2021\/05\/Empfang-724x1024.jpg 724w, https:\/\/swing-jazz-blues-live.de\/wp-content\/uploads\/2021\/05\/Empfang-768x1086.jpg 768w\" sizes=\"auto, (max-width: 1004px) 100vw, 1004px\" \/><\/li>\n                <li style=\"display: none; width: 100%;\" class=\"slide-593 ms-image \" aria-roledescription=\"slide\" data-date=\"2021-05-24 15:25:57\" data-filename=\"Fruehschoppen-09_2015.jpg\" data-slide-type=\"image\"><img loading=\"lazy\" decoding=\"async\" width=\"729\" height=\"864\" src=\"https:\/\/swing-jazz-blues-live.de\/wp-content\/uploads\/2021\/05\/Fruehschoppen-09_2015.jpg\" class=\"slider-478 slide-593 msDefaultImage\" alt=\"\" rel=\"\" title=\"Fr\u00fchschoppen 09_2015\" srcset=\"https:\/\/swing-jazz-blues-live.de\/wp-content\/uploads\/2021\/05\/Fruehschoppen-09_2015.jpg 729w, https:\/\/swing-jazz-blues-live.de\/wp-content\/uploads\/2021\/05\/Fruehschoppen-09_2015-253x300.jpg 253w\" sizes=\"auto, (max-width: 729px) 100vw, 729px\" \/><\/li>\n                <li style=\"display: none; width: 100%;\" class=\"slide-565 ms-image \" aria-roledescription=\"slide\" data-date=\"2021-05-21 19:10:20\" data-filename=\"Geburtstag.jpg\" data-slide-type=\"image\"><img loading=\"lazy\" decoding=\"async\" width=\"982\" height=\"816\" src=\"https:\/\/swing-jazz-blues-live.de\/wp-content\/uploads\/2021\/05\/Geburtstag.jpg\" class=\"slider-478 slide-565 msDefaultImage\" alt=\"\" rel=\"\" title=\"Geburtstag\" srcset=\"https:\/\/swing-jazz-blues-live.de\/wp-content\/uploads\/2021\/05\/Geburtstag.jpg 982w, https:\/\/swing-jazz-blues-live.de\/wp-content\/uploads\/2021\/05\/Geburtstag-300x249.jpg 300w, https:\/\/swing-jazz-blues-live.de\/wp-content\/uploads\/2021\/05\/Geburtstag-768x638.jpg 768w\" sizes=\"auto, (max-width: 982px) 100vw, 982px\" \/><\/li>\n                <li style=\"display: none; width: 100%;\" class=\"slide-569 ms-image \" aria-roledescription=\"slide\" data-date=\"2021-05-21 19:10:20\" data-filename=\"Jazzfruehschoppen.jpg\" data-slide-type=\"image\"><img loading=\"lazy\" decoding=\"async\" width=\"1153\" height=\"799\" src=\"https:\/\/swing-jazz-blues-live.de\/wp-content\/uploads\/2021\/05\/Jazzfruehschoppen.jpg\" class=\"slider-478 slide-569 msDefaultImage\" alt=\"\" rel=\"\" title=\"Jazzfr\u00fchschoppen\" srcset=\"https:\/\/swing-jazz-blues-live.de\/wp-content\/uploads\/2021\/05\/Jazzfruehschoppen.jpg 1153w, https:\/\/swing-jazz-blues-live.de\/wp-content\/uploads\/2021\/05\/Jazzfruehschoppen-300x208.jpg 300w, https:\/\/swing-jazz-blues-live.de\/wp-content\/uploads\/2021\/05\/Jazzfruehschoppen-1024x710.jpg 1024w, https:\/\/swing-jazz-blues-live.de\/wp-content\/uploads\/2021\/05\/Jazzfruehschoppen-768x532.jpg 768w\" sizes=\"auto, (max-width: 1153px) 100vw, 1153px\" \/><\/li>\n                <li style=\"display: none; width: 100%;\" class=\"slide-566 ms-image \" aria-roledescription=\"slide\" data-date=\"2021-05-21 19:10:20\" data-filename=\"Hochzeit.jpg\" data-slide-type=\"image\"><img loading=\"lazy\" decoding=\"async\" width=\"827\" height=\"1169\" src=\"https:\/\/swing-jazz-blues-live.de\/wp-content\/uploads\/2021\/05\/Hochzeit.jpg\" class=\"slider-478 slide-566 msDefaultImage\" alt=\"\" rel=\"\" title=\"Hochzeit\" srcset=\"https:\/\/swing-jazz-blues-live.de\/wp-content\/uploads\/2021\/05\/Hochzeit.jpg 827w, https:\/\/swing-jazz-blues-live.de\/wp-content\/uploads\/2021\/05\/Hochzeit-212x300.jpg 212w, https:\/\/swing-jazz-blues-live.de\/wp-content\/uploads\/2021\/05\/Hochzeit-724x1024.jpg 724w, https:\/\/swing-jazz-blues-live.de\/wp-content\/uploads\/2021\/05\/Hochzeit-768x1086.jpg 768w\" sizes=\"auto, (max-width: 827px) 100vw, 827px\" \/><\/li>\n                <li style=\"display: none; width: 100%;\" class=\"slide-571 ms-image \" aria-roledescription=\"slide\" data-date=\"2021-05-21 19:10:20\" data-filename=\"JazzSwingfruehschoppen.jpg\" data-slide-type=\"image\"><img loading=\"lazy\" decoding=\"async\" width=\"1348\" height=\"622\" src=\"https:\/\/swing-jazz-blues-live.de\/wp-content\/uploads\/2021\/05\/JazzSwingfruehschoppen.jpg\" class=\"slider-478 slide-571 msDefaultImage\" alt=\"\" rel=\"\" title=\"JazzSwingfr\u00fchschoppen\" srcset=\"https:\/\/swing-jazz-blues-live.de\/wp-content\/uploads\/2021\/05\/JazzSwingfruehschoppen.jpg 1348w, https:\/\/swing-jazz-blues-live.de\/wp-content\/uploads\/2021\/05\/JazzSwingfruehschoppen-300x138.jpg 300w, https:\/\/swing-jazz-blues-live.de\/wp-content\/uploads\/2021\/05\/JazzSwingfruehschoppen-1024x472.jpg 1024w, https:\/\/swing-jazz-blues-live.de\/wp-content\/uploads\/2021\/05\/JazzSwingfruehschoppen-768x354.jpg 768w\" sizes=\"auto, (max-width: 1348px) 100vw, 1348px\" \/><\/li>\n                <li style=\"display: none; width: 100%;\" class=\"slide-572 ms-image \" aria-roledescription=\"slide\" data-date=\"2021-05-21 19:10:20\" data-filename=\"Jubilaeum.jpg\" data-slide-type=\"image\"><img loading=\"lazy\" decoding=\"async\" width=\"886\" height=\"855\" src=\"https:\/\/swing-jazz-blues-live.de\/wp-content\/uploads\/2021\/05\/Jubilaeum.jpg\" class=\"slider-478 slide-572 msDefaultImage\" alt=\"\" rel=\"\" title=\"Jubil\u00e4um\" srcset=\"https:\/\/swing-jazz-blues-live.de\/wp-content\/uploads\/2021\/05\/Jubilaeum.jpg 886w, https:\/\/swing-jazz-blues-live.de\/wp-content\/uploads\/2021\/05\/Jubilaeum-300x290.jpg 300w, https:\/\/swing-jazz-blues-live.de\/wp-content\/uploads\/2021\/05\/Jubilaeum-768x741.jpg 768w\" sizes=\"auto, (max-width: 886px) 100vw, 886px\" \/><\/li>\n                <li style=\"display: none; width: 100%;\" class=\"slide-573 ms-image \" aria-roledescription=\"slide\" data-date=\"2021-05-21 19:10:20\" data-filename=\"Swingfruehschoppen.jpg\" data-slide-type=\"image\"><img loading=\"lazy\" decoding=\"async\" width=\"1058\" height=\"802\" src=\"https:\/\/swing-jazz-blues-live.de\/wp-content\/uploads\/2021\/05\/Swingfruehschoppen.jpg\" class=\"slider-478 slide-573 msDefaultImage\" alt=\"\" rel=\"\" title=\"Swingfr\u00fchschoppen\" srcset=\"https:\/\/swing-jazz-blues-live.de\/wp-content\/uploads\/2021\/05\/Swingfruehschoppen.jpg 1058w, https:\/\/swing-jazz-blues-live.de\/wp-content\/uploads\/2021\/05\/Swingfruehschoppen-300x227.jpg 300w, https:\/\/swing-jazz-blues-live.de\/wp-content\/uploads\/2021\/05\/Swingfruehschoppen-1024x776.jpg 1024w, https:\/\/swing-jazz-blues-live.de\/wp-content\/uploads\/2021\/05\/Swingfruehschoppen-768x582.jpg 768w\" sizes=\"auto, (max-width: 1058px) 100vw, 1058px\" \/><\/li>\n                <li style=\"display: none; width: 100%;\" class=\"slide-594 ms-image \" aria-roledescription=\"slide\" data-date=\"2021-05-24 15:25:57\" data-filename=\"Fruehschoppen-2017.jpg\" data-slide-type=\"image\"><img loading=\"lazy\" decoding=\"async\" width=\"1392\" height=\"957\" src=\"https:\/\/swing-jazz-blues-live.de\/wp-content\/uploads\/2021\/05\/Fruehschoppen-2017.jpg\" class=\"slider-478 slide-594 msDefaultImage\" alt=\"\" rel=\"\" title=\"Fr\u00fchschoppen 2017\" srcset=\"https:\/\/swing-jazz-blues-live.de\/wp-content\/uploads\/2021\/05\/Fruehschoppen-2017.jpg 1392w, https:\/\/swing-jazz-blues-live.de\/wp-content\/uploads\/2021\/05\/Fruehschoppen-2017-300x206.jpg 300w, https:\/\/swing-jazz-blues-live.de\/wp-content\/uploads\/2021\/05\/Fruehschoppen-2017-1024x704.jpg 1024w, https:\/\/swing-jazz-blues-live.de\/wp-content\/uploads\/2021\/05\/Fruehschoppen-2017-768x528.jpg 768w\" sizes=\"auto, (max-width: 1392px) 100vw, 1392px\" \/><\/li>\n                <li style=\"display: none; width: 100%;\" class=\"slide-592 ms-image \" aria-roledescription=\"slide\" data-date=\"2021-05-24 15:25:57\" data-filename=\"Fruehschoppen-09_2013.jpg\" data-slide-type=\"image\"><img loading=\"lazy\" decoding=\"async\" width=\"1060\" height=\"1129\" src=\"https:\/\/swing-jazz-blues-live.de\/wp-content\/uploads\/2021\/05\/Fruehschoppen-09_2013.jpg\" class=\"slider-478 slide-592 msDefaultImage\" alt=\"\" rel=\"\" title=\"Fr\u00fchschoppen 09_2013\" srcset=\"https:\/\/swing-jazz-blues-live.de\/wp-content\/uploads\/2021\/05\/Fruehschoppen-09_2013.jpg 1060w, https:\/\/swing-jazz-blues-live.de\/wp-content\/uploads\/2021\/05\/Fruehschoppen-09_2013-282x300.jpg 282w, https:\/\/swing-jazz-blues-live.de\/wp-content\/uploads\/2021\/05\/Fruehschoppen-09_2013-961x1024.jpg 961w, https:\/\/swing-jazz-blues-live.de\/wp-content\/uploads\/2021\/05\/Fruehschoppen-09_2013-768x818.jpg 768w\" sizes=\"auto, (max-width: 1060px) 100vw, 1060px\" \/><\/li>\n                <li style=\"display: none; width: 100%;\" class=\"slide-600 ms-image \" aria-roledescription=\"slide\" data-date=\"2021-05-24 15:51:45\" data-filename=\"Jazzkonzert-2.jpg\" data-slide-type=\"image\"><img loading=\"lazy\" decoding=\"async\" width=\"615\" height=\"843\" src=\"https:\/\/swing-jazz-blues-live.de\/wp-content\/uploads\/2021\/05\/Jazzkonzert-2.jpg\" class=\"slider-478 slide-600 msDefaultImage\" alt=\"\" rel=\"\" title=\"Jazzkonzert 2\" srcset=\"https:\/\/swing-jazz-blues-live.de\/wp-content\/uploads\/2021\/05\/Jazzkonzert-2.jpg 615w, https:\/\/swing-jazz-blues-live.de\/wp-content\/uploads\/2021\/05\/Jazzkonzert-2-219x300.jpg 219w\" sizes=\"auto, (max-width: 615px) 100vw, 615px\" \/><\/li>\n            <\/ul>\n        <\/div>\n        \n    <\/div>\n<\/div><\/div>\n","protected":false},"excerpt":{"rendered":"<p>An dieser Stelle k\u00f6nnten wir jetzt eine ziemlich lange Aufstellung von zufriedenen Kunden wie: Sparkassen, N\u00fcrnberger Versicherung, Maritim Hotels, Kempinski Hotels usw. aufz\u00e4hlen. Doch wichtig f\u00fcr uns ist Ihr &#8222;Feedback&#8220;. Herzlichen Dank f\u00fcr Ihre Bilder, Zeitungsartikel und pers\u00f6nliche Anschreiben und vor allem f\u00fcr Ihren Applaus &#8211; das Brot des K\u00fcnstlers. Von Applaus wird man nicht [&hellip;]<\/p>\n","protected":false},"author":1,"featured_media":0,"parent":0,"menu_order":0,"comment_status":"closed","ping_status":"closed","template":"","meta":{"footnotes":""},"class_list":["post-472","page","type-page","status-publish","hentry"],"yoast_head":"<!-- This site is optimized with the Yoast SEO plugin v27.5 - https:\/\/yoast.com\/product\/yoast-seo-wordpress\/ -->\n<title>Referenzen - Swingband Jazzband Swing und Jazz von Liveband<\/title>\n<meta name=\"description\" content=\"Swingband Jazzband Bluesband f\u00fcr Ihre Veranstaltung - mitrei\u00dfende Improvisation bekannter Swing- und Jazzstandards garantiert! Livemusik, das Highlight f\u00fcr Geburtstag Hochzeit Party Jazzkonzert Jazzclub oder dem Swing- und Jazzfr\u00fchschoppen.\" \/>\n<meta name=\"robots\" content=\"index, follow, max-snippet:-1, max-image-preview:large, max-video-preview:-1\" \/>\n<link rel=\"canonical\" href=\"https:\/\/swing-jazz-blues-live.de\/Liveband\/referenzen\" \/>\n<meta property=\"og:locale\" content=\"de_DE\" \/>\n<meta property=\"og:type\" content=\"article\" \/>\n<meta property=\"og:title\" content=\"Referenzen - Swingband Jazzband Swing und Jazz von Liveband\" \/>\n<meta property=\"og:description\" content=\"Swingband Jazzband Bluesband f\u00fcr Ihre Veranstaltung - mitrei\u00dfende Improvisation bekannter Swing- und Jazzstandards garantiert! Livemusik, das Highlight f\u00fcr Geburtstag Hochzeit Party Jazzkonzert Jazzclub oder dem Swing- und Jazzfr\u00fchschoppen.\" \/>\n<meta property=\"og:url\" content=\"https:\/\/swing-jazz-blues-live.de\/Liveband\/referenzen\" \/>\n<meta property=\"og:site_name\" content=\"Swingband Jazzband Swing und Jazz von Liveband\" \/>\n<meta property=\"article:modified_time\" content=\"2021-05-20T10:16:03+00:00\" \/>\n<meta name=\"twitter:card\" content=\"summary_large_image\" \/>\n<meta name=\"twitter:label1\" content=\"Gesch\u00e4tzte Lesezeit\" \/>\n\t<meta name=\"twitter:data1\" content=\"1\u00a0Minute\" \/>\n<script type=\"application\/ld+json\" class=\"yoast-schema-graph\">{\"@context\":\"https:\\\/\\\/schema.org\",\"@graph\":[{\"@type\":\"WebPage\",\"@id\":\"https:\\\/\\\/swing-jazz-blues-live.de\\\/Liveband\\\/referenzen\",\"url\":\"https:\\\/\\\/swing-jazz-blues-live.de\\\/Liveband\\\/referenzen\",\"name\":\"Referenzen - Swingband Jazzband Swing und Jazz von Liveband\",\"isPartOf\":{\"@id\":\"https:\\\/\\\/swing-jazz-blues-live.de\\\/Liveband\\\/#website\"},\"datePublished\":\"2021-05-20T07:54:32+00:00\",\"dateModified\":\"2021-05-20T10:16:03+00:00\",\"description\":\"Swingband Jazzband Bluesband f\u00fcr Ihre Veranstaltung - mitrei\u00dfende Improvisation bekannter Swing- und Jazzstandards garantiert! Livemusik, das Highlight f\u00fcr Geburtstag Hochzeit Party Jazzkonzert Jazzclub oder dem Swing- und Jazzfr\u00fchschoppen.\",\"breadcrumb\":{\"@id\":\"https:\\\/\\\/swing-jazz-blues-live.de\\\/Liveband\\\/referenzen#breadcrumb\"},\"inLanguage\":\"de\",\"potentialAction\":[{\"@type\":\"ReadAction\",\"target\":[\"https:\\\/\\\/swing-jazz-blues-live.de\\\/Liveband\\\/referenzen\"]}]},{\"@type\":\"BreadcrumbList\",\"@id\":\"https:\\\/\\\/swing-jazz-blues-live.de\\\/Liveband\\\/referenzen#breadcrumb\",\"itemListElement\":[{\"@type\":\"ListItem\",\"position\":1,\"name\":\"Startseite\",\"item\":\"https:\\\/\\\/swing-jazz-blues-live.de\\\/Liveband\\\/\"},{\"@type\":\"ListItem\",\"position\":2,\"name\":\"Referenzen\"}]},{\"@type\":\"WebSite\",\"@id\":\"https:\\\/\\\/swing-jazz-blues-live.de\\\/Liveband\\\/#website\",\"url\":\"https:\\\/\\\/swing-jazz-blues-live.de\\\/Liveband\\\/\",\"name\":\"Swingband Jazzband Swing und Jazz von Liveband\",\"description\":\"Jazzband Swingband Jazzstandards f\u00fcr Swing- oder Jazzfr\u00fchschoppen,  Barmusik, Loungemusik, Dinnermusik, Familienfeier, Geburtstag, Hochzeit, Konzert,\",\"publisher\":{\"@id\":\"https:\\\/\\\/swing-jazz-blues-live.de\\\/Liveband\\\/#organization\"},\"potentialAction\":[{\"@type\":\"SearchAction\",\"target\":{\"@type\":\"EntryPoint\",\"urlTemplate\":\"https:\\\/\\\/swing-jazz-blues-live.de\\\/Liveband\\\/?s={search_term_string}\"},\"query-input\":{\"@type\":\"PropertyValueSpecification\",\"valueRequired\":true,\"valueName\":\"search_term_string\"}}],\"inLanguage\":\"de\"},{\"@type\":\"Organization\",\"@id\":\"https:\\\/\\\/swing-jazz-blues-live.de\\\/Liveband\\\/#organization\",\"name\":\"Happyday GbR\",\"url\":\"https:\\\/\\\/swing-jazz-blues-live.de\\\/Liveband\\\/\",\"logo\":{\"@type\":\"ImageObject\",\"inLanguage\":\"de\",\"@id\":\"https:\\\/\\\/swing-jazz-blues-live.de\\\/Liveband\\\/#\\\/schema\\\/logo\\\/image\\\/\",\"url\":\"https:\\\/\\\/swing-jazz-blues-live.de\\\/wp-content\\\/uploads\\\/2021\\\/04\\\/happyday-logo_transparent.png\",\"contentUrl\":\"https:\\\/\\\/swing-jazz-blues-live.de\\\/wp-content\\\/uploads\\\/2021\\\/04\\\/happyday-logo_transparent.png\",\"width\":1179,\"height\":430,\"caption\":\"Happyday GbR\"},\"image\":{\"@id\":\"https:\\\/\\\/swing-jazz-blues-live.de\\\/Liveband\\\/#\\\/schema\\\/logo\\\/image\\\/\"}}]}<\/script>\n<!-- \/ Yoast SEO plugin. -->","yoast_head_json":{"title":"Referenzen - Swingband Jazzband Swing und Jazz von Liveband","description":"Swingband Jazzband Bluesband f\u00fcr Ihre Veranstaltung - mitrei\u00dfende Improvisation bekannter Swing- und Jazzstandards garantiert! Livemusik, das Highlight f\u00fcr Geburtstag Hochzeit Party Jazzkonzert Jazzclub oder dem Swing- und Jazzfr\u00fchschoppen.","robots":{"index":"index","follow":"follow","max-snippet":"max-snippet:-1","max-image-preview":"max-image-preview:large","max-video-preview":"max-video-preview:-1"},"canonical":"https:\/\/swing-jazz-blues-live.de\/Liveband\/referenzen","og_locale":"de_DE","og_type":"article","og_title":"Referenzen - Swingband Jazzband Swing und Jazz von Liveband","og_description":"Swingband Jazzband Bluesband f\u00fcr Ihre Veranstaltung - mitrei\u00dfende Improvisation bekannter Swing- und Jazzstandards garantiert! Livemusik, das Highlight f\u00fcr Geburtstag Hochzeit Party Jazzkonzert Jazzclub oder dem Swing- und Jazzfr\u00fchschoppen.","og_url":"https:\/\/swing-jazz-blues-live.de\/Liveband\/referenzen","og_site_name":"Swingband Jazzband Swing und Jazz von Liveband","article_modified_time":"2021-05-20T10:16:03+00:00","twitter_card":"summary_large_image","twitter_misc":{"Gesch\u00e4tzte Lesezeit":"1\u00a0Minute"},"schema":{"@context":"https:\/\/schema.org","@graph":[{"@type":"WebPage","@id":"https:\/\/swing-jazz-blues-live.de\/Liveband\/referenzen","url":"https:\/\/swing-jazz-blues-live.de\/Liveband\/referenzen","name":"Referenzen - Swingband Jazzband Swing und Jazz von Liveband","isPartOf":{"@id":"https:\/\/swing-jazz-blues-live.de\/Liveband\/#website"},"datePublished":"2021-05-20T07:54:32+00:00","dateModified":"2021-05-20T10:16:03+00:00","description":"Swingband Jazzband Bluesband f\u00fcr Ihre Veranstaltung - mitrei\u00dfende Improvisation bekannter Swing- und Jazzstandards garantiert! Livemusik, das Highlight f\u00fcr Geburtstag Hochzeit Party Jazzkonzert Jazzclub oder dem Swing- und Jazzfr\u00fchschoppen.","breadcrumb":{"@id":"https:\/\/swing-jazz-blues-live.de\/Liveband\/referenzen#breadcrumb"},"inLanguage":"de","potentialAction":[{"@type":"ReadAction","target":["https:\/\/swing-jazz-blues-live.de\/Liveband\/referenzen"]}]},{"@type":"BreadcrumbList","@id":"https:\/\/swing-jazz-blues-live.de\/Liveband\/referenzen#breadcrumb","itemListElement":[{"@type":"ListItem","position":1,"name":"Startseite","item":"https:\/\/swing-jazz-blues-live.de\/Liveband\/"},{"@type":"ListItem","position":2,"name":"Referenzen"}]},{"@type":"WebSite","@id":"https:\/\/swing-jazz-blues-live.de\/Liveband\/#website","url":"https:\/\/swing-jazz-blues-live.de\/Liveband\/","name":"Swingband Jazzband Swing und Jazz von Liveband","description":"Jazzband Swingband Jazzstandards f\u00fcr Swing- oder Jazzfr\u00fchschoppen,  Barmusik, Loungemusik, Dinnermusik, Familienfeier, Geburtstag, Hochzeit, Konzert,","publisher":{"@id":"https:\/\/swing-jazz-blues-live.de\/Liveband\/#organization"},"potentialAction":[{"@type":"SearchAction","target":{"@type":"EntryPoint","urlTemplate":"https:\/\/swing-jazz-blues-live.de\/Liveband\/?s={search_term_string}"},"query-input":{"@type":"PropertyValueSpecification","valueRequired":true,"valueName":"search_term_string"}}],"inLanguage":"de"},{"@type":"Organization","@id":"https:\/\/swing-jazz-blues-live.de\/Liveband\/#organization","name":"Happyday GbR","url":"https:\/\/swing-jazz-blues-live.de\/Liveband\/","logo":{"@type":"ImageObject","inLanguage":"de","@id":"https:\/\/swing-jazz-blues-live.de\/Liveband\/#\/schema\/logo\/image\/","url":"https:\/\/swing-jazz-blues-live.de\/wp-content\/uploads\/2021\/04\/happyday-logo_transparent.png","contentUrl":"https:\/\/swing-jazz-blues-live.de\/wp-content\/uploads\/2021\/04\/happyday-logo_transparent.png","width":1179,"height":430,"caption":"Happyday GbR"},"image":{"@id":"https:\/\/swing-jazz-blues-live.de\/Liveband\/#\/schema\/logo\/image\/"}}]}},"_links":{"self":[{"href":"https:\/\/swing-jazz-blues-live.de\/Liveband\/wp-json\/wp\/v2\/pages\/472","targetHints":{"allow":["GET"]}}],"collection":[{"href":"https:\/\/swing-jazz-blues-live.de\/Liveband\/wp-json\/wp\/v2\/pages"}],"about":[{"href":"https:\/\/swing-jazz-blues-live.de\/Liveband\/wp-json\/wp\/v2\/types\/page"}],"author":[{"embeddable":true,"href":"https:\/\/swing-jazz-blues-live.de\/Liveband\/wp-json\/wp\/v2\/users\/1"}],"replies":[{"embeddable":true,"href":"https:\/\/swing-jazz-blues-live.de\/Liveband\/wp-json\/wp\/v2\/comments?post=472"}],"version-history":[{"count":8,"href":"https:\/\/swing-jazz-blues-live.de\/Liveband\/wp-json\/wp\/v2\/pages\/472\/revisions"}],"predecessor-version":[{"id":504,"href":"https:\/\/swing-jazz-blues-live.de\/Liveband\/wp-json\/wp\/v2\/pages\/472\/revisions\/504"}],"wp:attachment":[{"href":"https:\/\/swing-jazz-blues-live.de\/Liveband\/wp-json\/wp\/v2\/media?parent=472"}],"curies":[{"name":"wp","href":"https:\/\/api.w.org\/{rel}","templated":true}]}}